{"id":3497,"date":"2020-01-31T11:52:03","date_gmt":"2020-01-31T16:52:03","guid":{"rendered":"https:\/\/guide.3emanagement.com\/academie\/je\/?page_id=3497"},"modified":"2020-03-06T13:06:33","modified_gmt":"2020-03-06T18:06:33","slug":"connexion-etudiants","status":"publish","type":"page","link":"https:\/\/guide.3emanagement.com\/academie\/je\/fr\/connexion-etudiants\/","title":{"rendered":"Connexion &#8211; \u00c9tudiants"},"content":{"rendered":"<p>[et_pb_section bb_built=\u00a0\u00bb1&Prime; fullwidth=\u00a0\u00bbon\u00a0\u00bb specialty=\u00a0\u00bboff\u00a0\u00bb next_background_color=\u00a0\u00bb#000000&Prime; _builder_version=\u00a0\u00bb3.17.2&Prime; module_class=\u00a0\u00bbhomepage-title\u00a0\u00bb inner_width=\u00a0\u00bbauto\u00a0\u00bb inner_max_width=\u00a0\u00bb1200px\u00a0\u00bb][et_pb_fullwidth_header _builder_version=\u00a0\u00bb3.17.2&Prime; title=\u00a0\u00bbConnexion\u00a0\u00bb scroll_down_icon=\u00a0\u00bb%%1%%\u00a0\u00bb background_layout=\u00a0\u00bblight\u00a0\u00bb background_overlay_color=\u00a0\u00bbrgba(0,0,0,0)\u00a0\u00bb background_image=\u00a0\u00bbhttps:\/\/guide.3emanagement.com\/academie\/je\/wp-content\/uploads\/2018\/03\/fond-academie.jpg\u00a0\u00bb background_position=\u00a0\u00bbbottom_center\u00a0\u00bb text_shadow_vertical_length=\u00a0\u00bb0.08em\u00a0\u00bb title_text_color=\u00a0\u00bb#cb2128&Prime; scroll_down_icon_color=\u00a0\u00bb#cb2128&Prime; background_color=\u00a0\u00bbrgba(255, 255, 255, 0)\u00a0\u00bb button_one_text_size__hover_enabled=\u00a0\u00bboff\u00a0\u00bb button_one_text_size__hover=\u00a0\u00bbnull\u00a0\u00bb button_two_text_size__hover_enabled=\u00a0\u00bboff\u00a0\u00bb button_two_text_size__hover=\u00a0\u00bbnull\u00a0\u00bb button_one_text_color__hover_enabled=\u00a0\u00bboff\u00a0\u00bb button_one_text_color__hover=\u00a0\u00bbnull\u00a0\u00bb button_two_text_color__hover_enabled=\u00a0\u00bboff\u00a0\u00bb button_two_text_color__hover=\u00a0\u00bbnull\u00a0\u00bb button_one_border_width__hover_enabled=\u00a0\u00bboff\u00a0\u00bb button_one_border_width__hover=\u00a0\u00bbnull\u00a0\u00bb button_two_border_width__hover_enabled=\u00a0\u00bboff\u00a0\u00bb button_two_border_width__hover=\u00a0\u00bbnull\u00a0\u00bb button_one_border_color__hover_enabled=\u00a0\u00bboff\u00a0\u00bb button_one_border_color__hover=\u00a0\u00bbnull\u00a0\u00bb button_two_border_color__hover_enabled=\u00a0\u00bboff\u00a0\u00bb button_two_border_color__hover=\u00a0\u00bbnull\u00a0\u00bb button_one_border_radius__hover_enabled=\u00a0\u00bboff\u00a0\u00bb button_one_border_radius__hover=\u00a0\u00bbnull\u00a0\u00bb button_two_border_radius__hover_enabled=\u00a0\u00bboff\u00a0\u00bb button_two_border_radius__hover=\u00a0\u00bbnull\u00a0\u00bb button_one_letter_spacing__hover_enabled=\u00a0\u00bboff\u00a0\u00bb button_one_letter_spacing__hover=\u00a0\u00bbnull\u00a0\u00bb button_two_letter_spacing__hover_enabled=\u00a0\u00bboff\u00a0\u00bb button_two_letter_spacing__hover=\u00a0\u00bbnull\u00a0\u00bb button_one_bg_color__hover_enabled=\u00a0\u00bboff\u00a0\u00bb button_one_bg_color__hover=\u00a0\u00bbnull\u00a0\u00bb button_two_bg_color__hover_enabled=\u00a0\u00bboff\u00a0\u00bb button_two_bg_color__hover=\u00a0\u00bbnull\u00a0\u00bb title_font_size=\u00a0\u00bb60&Prime; \/][\/et_pb_section][et_pb_section bb_built=\u00a0\u00bb1&Prime; next_background_color=\u00a0\u00bb#000000&Prime; prev_background_color=\u00a0\u00bb#000000&Prime; _builder_version=\u00a0\u00bb3.17.2&Prime; custom_margin=\u00a0\u00bb0px||0px|\u00a0\u00bb custom_padding=\u00a0\u00bb0px||0px|\u00a0\u00bb inner_width=\u00a0\u00bbauto\u00a0\u00bb inner_max_width=\u00a0\u00bb1200px\u00a0\u00bb][et_pb_row][et_pb_column type=\u00a0\u00bb4_4&Prime; custom_padding__hover=\u00a0\u00bb|||\u00a0\u00bb custom_padding=\u00a0\u00bb|||\u00a0\u00bb][et_pb_text _builder_version=\u00a0\u00bb3.26.3&Prime; text_text_shadow_horizontal_length=\u00a0\u00bbtext_text_shadow_style,%91object Object%93&Prime; text_text_shadow_horizontal_length_tablet=\u00a0\u00bb0px\u00a0\u00bb text_text_shadow_vertical_length=\u00a0\u00bbtext_text_shadow_style,%91object Object%93&Prime; text_text_shadow_vertical_length_tablet=\u00a0\u00bb0px\u00a0\u00bb text_text_shadow_blur_strength=\u00a0\u00bbtext_text_shadow_style,%91object Object%93&Prime; text_text_shadow_blur_strength_tablet=\u00a0\u00bb1px\u00a0\u00bb link_text_shadow_horizontal_length=\u00a0\u00bblink_text_shadow_style,%91object Object%93&Prime; link_text_shadow_horizontal_length_tablet=\u00a0\u00bb0px\u00a0\u00bb link_text_shadow_vertical_length=\u00a0\u00bblink_text_shadow_style,%91object Object%93&Prime; link_text_shadow_vertical_length_tablet=\u00a0\u00bb0px\u00a0\u00bb link_text_shadow_blur_strength=\u00a0\u00bblink_text_shadow_style,%91object Object%93&Prime; link_text_shadow_blur_strength_tablet=\u00a0\u00bb1px\u00a0\u00bb ul_text_shadow_horizontal_length=\u00a0\u00bbul_text_shadow_style,%91object Object%93&Prime; ul_text_shadow_horizontal_length_tablet=\u00a0\u00bb0px\u00a0\u00bb ul_text_shadow_vertical_length=\u00a0\u00bbul_text_shadow_style,%91object Object%93&Prime; ul_text_shadow_vertical_length_tablet=\u00a0\u00bb0px\u00a0\u00bb ul_text_shadow_blur_strength=\u00a0\u00bbul_text_shadow_style,%91object Object%93&Prime; ul_text_shadow_blur_strength_tablet=\u00a0\u00bb1px\u00a0\u00bb ol_text_shadow_horizontal_length=\u00a0\u00bbol_text_shadow_style,%91object Object%93&Prime; ol_text_shadow_horizontal_length_tablet=\u00a0\u00bb0px\u00a0\u00bb ol_text_shadow_vertical_length=\u00a0\u00bbol_text_shadow_style,%91object Object%93&Prime; ol_text_shadow_vertical_length_tablet=\u00a0\u00bb0px\u00a0\u00bb ol_text_shadow_blur_strength=\u00a0\u00bbol_text_shadow_style,%91object Object%93&Prime; ol_text_shadow_blur_strength_tablet=\u00a0\u00bb1px\u00a0\u00bb quote_text_shadow_horizontal_length=\u00a0\u00bbquote_text_shadow_style,%91object Object%93&Prime; quote_text_shadow_horizontal_length_tablet=\u00a0\u00bb0px\u00a0\u00bb quote_text_shadow_vertical_length=\u00a0\u00bbquote_text_shadow_style,%91object Object%93&Prime; quote_text_shadow_vertical_length_tablet=\u00a0\u00bb0px\u00a0\u00bb quote_text_shadow_blur_strength=\u00a0\u00bbquote_text_shadow_style,%91object Object%93&Prime; quote_text_shadow_blur_strength_tablet=\u00a0\u00bb1px\u00a0\u00bb header_text_shadow_horizontal_length=\u00a0\u00bbheader_text_shadow_style,%91object Object%93&Prime; header_text_shadow_horizontal_length_tablet=\u00a0\u00bb0px\u00a0\u00bb header_text_shadow_vertical_length=\u00a0\u00bbheader_text_shadow_style,%91object Object%93&Prime; header_text_shadow_vertical_length_tablet=\u00a0\u00bb0px\u00a0\u00bb header_text_shadow_blur_strength=\u00a0\u00bbheader_text_shadow_style,%91object Object%93&Prime; header_text_shadow_blur_strength_tablet=\u00a0\u00bb1px\u00a0\u00bb header_2_text_shadow_horizontal_length=\u00a0\u00bbheader_2_text_shadow_style,%91object Object%93&Prime; header_2_text_shadow_horizontal_length_tablet=\u00a0\u00bb0px\u00a0\u00bb header_2_text_shadow_vertical_length=\u00a0\u00bbheader_2_text_shadow_style,%91object Object%93&Prime; header_2_text_shadow_vertical_length_tablet=\u00a0\u00bb0px\u00a0\u00bb header_2_text_shadow_blur_strength=\u00a0\u00bbheader_2_text_shadow_style,%91object Object%93&Prime; header_2_text_shadow_blur_strength_tablet=\u00a0\u00bb1px\u00a0\u00bb header_3_text_shadow_horizontal_length=\u00a0\u00bbheader_3_text_shadow_style,%91object Object%93&Prime; header_3_text_shadow_horizontal_length_tablet=\u00a0\u00bb0px\u00a0\u00bb header_3_text_shadow_vertical_length=\u00a0\u00bbheader_3_text_shadow_style,%91object Object%93&Prime; header_3_text_shadow_vertical_length_tablet=\u00a0\u00bb0px\u00a0\u00bb header_3_text_shadow_blur_strength=\u00a0\u00bbheader_3_text_shadow_style,%91object Object%93&Prime; header_3_text_shadow_blur_strength_tablet=\u00a0\u00bb1px\u00a0\u00bb header_4_text_shadow_horizontal_length=\u00a0\u00bbheader_4_text_shadow_style,%91object Object%93&Prime; header_4_text_shadow_horizontal_length_tablet=\u00a0\u00bb0px\u00a0\u00bb header_4_text_shadow_vertical_length=\u00a0\u00bbheader_4_text_shadow_style,%91object Object%93&Prime; header_4_text_shadow_vertical_length_tablet=\u00a0\u00bb0px\u00a0\u00bb header_4_text_shadow_blur_strength=\u00a0\u00bbheader_4_text_shadow_style,%91object Object%93&Prime; header_4_text_shadow_blur_strength_tablet=\u00a0\u00bb1px\u00a0\u00bb header_5_text_shadow_horizontal_length=\u00a0\u00bbheader_5_text_shadow_style,%91object Object%93&Prime; header_5_text_shadow_horizontal_length_tablet=\u00a0\u00bb0px\u00a0\u00bb header_5_text_shadow_vertical_length=\u00a0\u00bbheader_5_text_shadow_style,%91object Object%93&Prime; header_5_text_shadow_vertical_length_tablet=\u00a0\u00bb0px\u00a0\u00bb header_5_text_shadow_blur_strength=\u00a0\u00bbheader_5_text_shadow_style,%91object Object%93&Prime; header_5_text_shadow_blur_strength_tablet=\u00a0\u00bb1px\u00a0\u00bb header_6_text_shadow_horizontal_length=\u00a0\u00bbheader_6_text_shadow_style,%91object Object%93&Prime; header_6_text_shadow_horizontal_length_tablet=\u00a0\u00bb0px\u00a0\u00bb header_6_text_shadow_vertical_length=\u00a0\u00bbheader_6_text_shadow_style,%91object Object%93&Prime; header_6_text_shadow_vertical_length_tablet=\u00a0\u00bb0px\u00a0\u00bb header_6_text_shadow_blur_strength=\u00a0\u00bbheader_6_text_shadow_style,%91object Object%93&Prime; header_6_text_shadow_blur_strength_tablet=\u00a0\u00bb1px\u00a0\u00bb box_shadow_horizontal_tablet=\u00a0\u00bb0px\u00a0\u00bb box_shadow_vertical_tablet=\u00a0\u00bb0px\u00a0\u00bb box_shadow_blur_tablet=\u00a0\u00bb40px\u00a0\u00bb box_shadow_spread_tablet=\u00a0\u00bb0px\u00a0\u00bb z_index_tablet=\u00a0\u00bb500&Prime;]<\/p>\n<p>Dans le cadre de votre formation, l\u2019Acad\u00e9mie a \u00e9t\u00e9 mise \u00e0 votre disposition afin de vous faire d\u00e9couvrir de mani\u00e8re pratique Juris\u00c9volution, un outil de gestion utilis\u00e9 par le milieu juridique.<\/p>\n<p>Cet outil de formation pratique vous offre des explications sous forme de le\u00e7ons et de jeu-questionnaire \u00e0 ex\u00e9cuter \u00e0 travers une base de donn\u00e9es de d\u00e9monstration au nom du cabinet \u00ab Patech &#038; R\u00eavard \u00bb. Seule la le\u00e7on \u00ab D\u00e9buter avec Juris\u00c9volution \u00bb est obligatoire \u00e0 compl\u00e9ter. Le reste des exercices est \u00e0 votre discr\u00e9tion. Toutefois, si vous souhaitez obtenir votre attestation il est requis de compl\u00e9ter l\u2019ensemble des exercices.<\/p>\n<p><strong>En acc\u00e9dant \u00e0 votre premier cours, vous devrez avant toute chose cr\u00e9er votre base de donn\u00e9es de d\u00e9monstration en suivant les \u00e9tapes et les explications qui vous seront fournies \u00e0 la le\u00e7on \u00ab D\u00e9buter avec Juris\u00c9volution. \u00bb <\/strong><\/p>\n<p>Vous pourrez acc\u00e9der \u00e0 tout moment \u00e0 l\u2019Acad\u00e9mie par cette m\u00eame page en utilisant l\u2019espace \u00ab compte existant \u00bb afin de poursuivre votre apprentissage.<\/p>\n<p>Notez bien qu\u2019il est recommand\u00e9 d\u2019utiliser le navigateur Google Chrome pour optimiser votre utilisation de Juris\u00c9volution. Puisqu\u2019il s\u2019agit d\u2019une base de donn\u00e9es d\u2019apprentissage, le compte cr\u00e9\u00e9 aujourd\u2019hui sera d\u00e9truit \u00e0 la fin de la session. Il est donc important de ne rien conserver d\u2019important dans votre base de donn\u00e9es d\u00e9monstration.<\/p>\n<p>[\/et_pb_text][\/et_pb_column][\/et_pb_row][\/et_pb_section][et_pb_section bb_built=\u00a0\u00bb1&Prime; prev_background_color=\u00a0\u00bb#000000&Prime; _builder_version=\u00a0\u00bb3.17.2&Prime; custom_margin=\u00a0\u00bb0px|||\u00a0\u00bb custom_padding=\u00a0\u00bb0px|||\u00a0\u00bb inner_width=\u00a0\u00bbauto\u00a0\u00bb inner_max_width=\u00a0\u00bb1200px\u00a0\u00bb][et_pb_row][et_pb_column type=\u00a0\u00bb1_2&Prime; custom_padding__hover=\u00a0\u00bb|||\u00a0\u00bb custom_padding=\u00a0\u00bb|||\u00a0\u00bb][et_pb_text _builder_version=\u00a0\u00bb3.26.3&Prime;]<\/p>\n<h3>Nouveau compte<\/h3>\n<div class=\"et_pb_contact\">\r\n\t<form method=\"post\" action=\"\">\r\n\t\t<p class=\"et_pb_contact_field et_pb_contact_field_0 et_pb_contact_field_last\" style=\"padding: 0;\">\r\n\t\t\t<input type=\"email\" class=\"input\" name=\"jc_academie_register_email\" placeholder=\"Votre adresse courriel\" required>\r\n\t\t<\/p>\r\n\t\t<div class=\"et_contact_bottom_container\">\r\n\t\t\t<input type=\"submit\" name=\"jc_academie_register_submit\" class=\"et_pb_contact_submit et_pb_button\" value=\"Acc\u00e9der\">\r\n\t\t<\/div>\r\n\t<\/form>\r\n\r\n\t<\/div>\r\n\n<p>[\/et_pb_text][\/et_pb_column][et_pb_column type=\u00a0\u00bb1_2&Prime; custom_padding__hover=\u00a0\u00bb|||\u00a0\u00bb custom_padding=\u00a0\u00bb|||\u00a0\u00bb][et_pb_text _builder_version=\u00a0\u00bb3.17.2&Prime;]<\/p>\n<h3>Compte existant<\/h3>\n<div class=\"et_pb_contact\">\r\n\t<form method=\"post\" action=\"\">\r\n\t\t<p class=\"et_pb_contact_field et_pb_contact_field_0 et_pb_contact_field_last\" style=\"padding: 0;\">\r\n\t\t\t<input type=\"email\" class=\"input\" name=\"jc_academie_login_email\" placeholder=\"Votre adresse courriel\" required>\r\n\t\t<\/p>\r\n\t\t<div class=\"et_contact_bottom_container\">\r\n\t\t\t<input type=\"submit\" name=\"jc_academie_login_submit\" class=\"et_pb_contact_submit et_pb_button\" value=\"Acc\u00e9der\">\r\n\t\t<\/div>\r\n\t<\/form>\r\n\r\n\t\r\n<\/div>\r\n\n<p>[\/et_pb_text][\/et_pb_column][\/et_pb_row][\/et_pb_section]<\/p>\n","protected":false},"excerpt":{"rendered":"<p><div class=\"et_pb_row et_pb_row_0 et_pb_row_empty\">\n\t\t\t\t\n\t\t\t\t\n\t\t\t\t\n\t\t\t\t\n\t\t\t\t\n\t\t\t<\/div> Dans le cadre de votre formation, l\u2019Acad\u00e9mie a \u00e9t\u00e9 mise \u00e0 votre disposition afin de vous faire d\u00e9couvrir de mani\u00e8re pratique Juris\u00c9volution, un outil de gestion utilis\u00e9 par le milieu juridique. Cet outil de formation pratique vous offre des explications sous forme de le\u00e7ons et de jeu-questionnaire \u00e0 ex\u00e9cuter \u00e0 travers une base de [&hellip;]<\/p>\n","protected":false},"author":2,"featured_media":0,"parent":0,"menu_order":0,"comment_status":"closed","ping_status":"closed","template":"page-template-reg.php","meta":{"_et_pb_use_builder":"on","_et_pb_old_content":"","_et_gb_content_width":"","footnotes":""},"class_list":["post-3497","page","type-page","status-publish","hentry"],"_links":{"self":[{"href":"https:\/\/guide.3emanagement.com\/academie\/je\/wp-json\/wp\/v2\/pages\/3497","targetHints":{"allow":["GET"]}}],"collection":[{"href":"https:\/\/guide.3emanagement.com\/academie\/je\/wp-json\/wp\/v2\/pages"}],"about":[{"href":"https:\/\/guide.3emanagement.com\/academie\/je\/wp-json\/wp\/v2\/types\/page"}],"author":[{"embeddable":true,"href":"https:\/\/guide.3emanagement.com\/academie\/je\/wp-json\/wp\/v2\/users\/2"}],"replies":[{"embeddable":true,"href":"https:\/\/guide.3emanagement.com\/academie\/je\/wp-json\/wp\/v2\/comments?post=3497"}],"version-history":[{"count":4,"href":"https:\/\/guide.3emanagement.com\/academie\/je\/wp-json\/wp\/v2\/pages\/3497\/revisions"}],"predecessor-version":[{"id":3570,"href":"https:\/\/guide.3emanagement.com\/academie\/je\/wp-json\/wp\/v2\/pages\/3497\/revisions\/3570"}],"wp:attachment":[{"href":"https:\/\/guide.3emanagement.com\/academie\/je\/wp-json\/wp\/v2\/media?parent=3497"}],"curies":[{"name":"wp","href":"https:\/\/api.w.org\/{rel}","templated":true}]}}